{"id":21248,"date":"2016-05-09T08:47:58","date_gmt":"2016-05-09T11:47:58","guid":{"rendered":"http:\/\/sermonescristianos.net\/predicas-cristianas\/?page_id=21248"},"modified":"2023-06-01T01:50:36","modified_gmt":"2023-06-01T04:50:36","slug":"radio-cristiana","status":"publish","type":"page","link":"http:\/\/sermonescristianos.net\/predicas-cristianas\/radio-cristiana\/","title":{"rendered":"Radio Cristiana"},"content":{"rendered":"<p><!--noadsense--><br \/>\n<!--INFOLINKS_OFF--><\/p>\n<div align=\"center\">\n<p><script>\/\/ <![CDATA[\n(function (win, doc, script, source, objectName) { (win.RadionomyPlayerObject = win.RadionomyPlayerObject || []).push(objectName); win[objectName] = win[objectName] || function (k, v) { (win[objectName].parameters = win[objectName].parameters || { src: source, version: '1.1' })[k] = v; }; var js, rjs = doc.getElementsByTagName(script)[0]; js = doc.createElement(script); js.async = 1; js.src = source; rjs.parentNode.insertBefore(js, rjs); }(window, document, 'script', 'https:\/\/www.radionomy.com\/js\/radionomy.player.js', 'radplayer')); radplayer('url', 'devocionradio'); radplayer('type', 'medium'); radplayer('autoplay', '0'); radplayer('volume', '50'); radplayer('color1', '#000000'); radplayer('color2', '#ffffff');\n\/\/ ]]><\/script><\/p>\n<div class=\"radionomy-player\"><\/div>\n<\/p>\n<p><a href=\"https:\/\/play.google.com\/store\/apps\/details?id=com.ipw.devocionradio\" target=\"_blank\" rel=\"noopener\"><img loading=\"lazy\" decoding=\"async\" src=\"http:\/\/vitaminaespiritual.com\/wp-content\/uploads\/2016\/05\/disponible-googleplay.png\" alt=\"Radio Cristiana en Google Play\" width=\"145\" height=\"50\" \/><\/a>\u00a0<a href=\"https:\/\/itunes.apple.com\/us\/app\/devocion-radio-cristiana\/id1074286585\" target=\"_blank\" rel=\"noopener\"><img loading=\"lazy\" decoding=\"async\" src=\"http:\/\/vitaminaespiritual.com\/wp-content\/uploads\/2016\/05\/disponible-appstore.png\" alt=\"Radio Cristiana en iTunes\" width=\"145\" height=\"50\" \/><\/a><\/p>\n<\/div>\n<p>Devocion Radio es una emisora de m\u00fasica cristiana, creada por la red\u00a0<a href=\"http:\/\/devocionaltotal.com\/\" target=\"_blank\" rel=\"noreferrer noopener\">DevocionalTotal.com<\/a>. Escuchar\u00e1s m\u00fasica cristiana para edificar tu vida, Alabanza y Adoraci\u00f3n para acercarte a tu Creador. Escucha M\u00fasica Cristiana, Himnos y predicaciones.<\/p>\n","protected":false},"excerpt":{"rendered":"<p>\u00a0 Devocion Radio es una emisora de m\u00fasica cristiana, creada por la red\u00a0DevocionalTotal.com. Escuchar\u00e1s m\u00fasica cristiana para edificar tu vida, Alabanza y Adoraci\u00f3n para acercarte a tu Creador. Escucha M\u00fasica Cristiana, Himnos y predicaciones.<\/p>\n","protected":false},"author":1,"featured_media":21249,"parent":0,"menu_order":0,"comment_status":"closed","ping_status":"closed","template":"","meta":{"footnotes":""},"class_list":["post-21248","page","type-page","status-publish","has-post-thumbnail","hentry","has_thumb"],"_links":{"self":[{"href":"http:\/\/sermonescristianos.net\/predicas-cristianas\/wp-json\/wp\/v2\/pages\/21248","targetHints":{"allow":["GET"]}}],"collection":[{"href":"http:\/\/sermonescristianos.net\/predicas-cristianas\/wp-json\/wp\/v2\/pages"}],"about":[{"href":"http:\/\/sermonescristianos.net\/predicas-cristianas\/wp-json\/wp\/v2\/types\/page"}],"author":[{"embeddable":true,"href":"http:\/\/sermonescristianos.net\/predicas-cristianas\/wp-json\/wp\/v2\/users\/1"}],"replies":[{"embeddable":true,"href":"http:\/\/sermonescristianos.net\/predicas-cristianas\/wp-json\/wp\/v2\/comments?post=21248"}],"version-history":[{"count":2,"href":"http:\/\/sermonescristianos.net\/predicas-cristianas\/wp-json\/wp\/v2\/pages\/21248\/revisions"}],"predecessor-version":[{"id":27855,"href":"http:\/\/sermonescristianos.net\/predicas-cristianas\/wp-json\/wp\/v2\/pages\/21248\/revisions\/27855"}],"wp:featuredmedia":[{"embeddable":true,"href":"http:\/\/sermonescristianos.net\/predicas-cristianas\/wp-json\/wp\/v2\/media\/21249"}],"wp:attachment":[{"href":"http:\/\/sermonescristianos.net\/predicas-cristianas\/wp-json\/wp\/v2\/media?parent=21248"}],"curies":[{"name":"wp","href":"https:\/\/api.w.org\/{rel}","templated":true}]}}